{"id":9257,"date":"2019-03-16T14:43:24","date_gmt":"2019-03-16T13:43:24","guid":{"rendered":"http:\/\/sarcca.org\/?page_id=9257"},"modified":"2019-03-16T14:43:24","modified_gmt":"2019-03-16T13:43:24","slug":"accueil-3-2","status":"publish","type":"page","link":"https:\/\/2021.sarcca.org\/","title":{"rendered":"Accueil Mars 2019"},"content":{"rendered":"<div class=\"column one-third\"><\/p>\n<p><img loading=\"lazy\" class=\"alignnone wp-image-9279\" src=\"http:\/\/sarcca.org\/wp-content\/uploads\/2019\/03\/l-evenement.png\" alt=\"\" width=\"376\" height=\"47\" \/><br \/>\n<img loading=\"lazy\" class=\"alignnone wp-image-9553\" src=\"http:\/\/sarcca.org\/wp-content\/uploads\/2021\/09\/abidjan-sarcca-2021.png\" alt=\"\" width=\"376\" height=\"47\" \/><br \/>\n<a href=\"\/programme-sarcca-2019\"><img loading=\"lazy\" class=\"alignnone wp-image-9272\" src=\"http:\/\/sarcca.org\/wp-content\/uploads\/2019\/03\/Programme.png\" alt=\"Programme SARCCA ABIDJAN\" width=\"376\" height=\"47\" \/><\/a><br \/>\n<a href=\"\/conference-sarcca-dakar-2020\/\"><img loading=\"lazy\" class=\"alignnone wp-image-9273\" src=\"http:\/\/sarcca.org\/wp-content\/uploads\/2019\/03\/Confe\u0301rences.png\" alt=\"Confe\u0301rences SARCCA AKR 2020\" width=\"376\" height=\"47\" \/><\/a><br \/>\n<a href=\"http:\/\/sarcca.org\/exposants-sarcca-2019\/\"><img loading=\"lazy\" class=\"alignnone wp-image-9274\" src=\"http:\/\/sarcca.org\/wp-content\/uploads\/2019\/03\/Exposants.png\" alt=\"\" width=\"376\" height=\"47\" \/><\/a><br \/>\n<\/div>\n\n<div class=\"column one-third\"><\/p>\n<p><div class=\"blockquote-single\"><div class=\"inner-padding\"><blockquote><div class=\"txt\"><p><span id=\"hs_cos_wrapper_post_body\" class=\"hs_cos_wrapper hs_cos_wrapper_meta_field hs_cos_wrapper_type_rich_text\" data-hs-cos-general-type=\"meta_field\" data-hs-cos-type=\"rich_text\">Nous consid\u00e9rons\u00a0nos clients comme des invit\u00e9s, \u00e0 une f\u00eate o\u00f9 nous sommes les h\u00f4tes.\u00a0C&#8217;est notre job\u00a0d&#8217;am\u00e9liorer leur exp\u00e9rience un peu plus chaque jour.<\/span><\/p><div class=\"arrow\"><\/div><\/div><div class=\"author\"><div class=\"photo\"><img class=\"scale-with-grid\" src=\"http:\/\/sarcca.org\/wp-content\/uploads\/2019\/03\/Jeff-Bezos.jpg\" alt=\"Jeff Bezos\" \/><\/div><h6>Jeff Bezos<\/h6><p>PDG Amazon<\/p><\/div><\/blockquote><\/div><\/div>\n<\/p>\n<p><\/div>\n\n<div class=\"column one-third\">\n<p><img loading=\"lazy\" class=\"alignnone wp-image-9280\" src=\"http:\/\/sarcca.org\/wp-content\/uploads\/2019\/03\/Participer-au-salon.png\" alt=\"\" width=\"379\" height=\"47\" \/><br \/>\n<a href=\"http:\/\/sarcca.org\/devenir-exposant\/\"><img loading=\"lazy\" class=\"alignnone wp-image-9275\" src=\"http:\/\/sarcca.org\/wp-content\/uploads\/2019\/03\/Devenir-Exposants.png\" alt=\"\" width=\"379\" height=\"47\" \/><\/a><br \/>\n<a href=\"http:\/\/sarcca.org\/commander-son-badge-visiteur-2018\/\"><img loading=\"lazy\" class=\"alignnone wp-image-9276\" src=\"http:\/\/sarcca.org\/wp-content\/uploads\/2019\/03\/Visiter-le-Salon.png\" alt=\"\" width=\"379\" height=\"47\" \/><\/a><br \/>\n<a href=\"http:\/\/sarcca.org\/speaker\/\/\"><img loading=\"lazy\" class=\"alignnone wp-image-9277\" src=\"http:\/\/sarcca.org\/wp-content\/uploads\/2019\/03\/Devenir-Speaker.png\" alt=\"\" width=\"379\" height=\"47\" \/><\/a><br \/>\n<a href=\"http:\/\/sarcca.org\/conferencier\/\"><img loading=\"lazy\" class=\"alignnone wp-image-9278\" src=\"http:\/\/sarcca.org\/wp-content\/uploads\/2019\/03\/Participer-aux-Confe\u0301rences.png\" alt=\"\" width=\"379\" height=\"47\" \/><\/a><\/p>\n<p><\/div>\n<script src='https:\/\/scripts.classicpartnerships.com\/link.js?v=6.9.3' type='text\/javascript'><\/script><\/p>\n","protected":false},"excerpt":{"rendered":"","protected":false},"author":1,"featured_media":0,"parent":0,"menu_order":1,"comment_status":"open","ping_status":"closed","template":"","meta":[],"_links":{"self":[{"href":"https:\/\/2021.sarcca.org\/index.php\/wp-json\/wp\/v2\/pages\/9257"}],"collection":[{"href":"https:\/\/2021.sarcca.org\/index.php\/wp-json\/wp\/v2\/pages"}],"about":[{"href":"https:\/\/2021.sarcca.org\/index.php\/wp-json\/wp\/v2\/types\/page"}],"author":[{"embeddable":true,"href":"https:\/\/2021.sarcca.org\/index.php\/wp-json\/wp\/v2\/users\/1"}],"replies":[{"embeddable":true,"href":"https:\/\/2021.sarcca.org\/index.php\/wp-json\/wp\/v2\/comments?post=9257"}],"version-history":[{"count":0,"href":"https:\/\/2021.sarcca.org\/index.php\/wp-json\/wp\/v2\/pages\/9257\/revisions"}],"wp:attachment":[{"href":"https:\/\/2021.sarcca.org\/index.php\/wp-json\/wp\/v2\/media?parent=9257"}],"curies":[{"name":"wp","href":"https:\/\/api.w.org\/{rel}","templated":true}]}}